{"id":8979,"date":"2025-08-06T17:56:17","date_gmt":"2025-08-06T17:56:17","guid":{"rendered":"https:\/\/daianacaceres.com.ar\/?page_id=8979"},"modified":"2025-08-22T13:38:19","modified_gmt":"2025-08-22T13:38:19","slug":"marketing-para-marcas-sostenibles","status":"publish","type":"page","link":"https:\/\/daianacaceres.com.ar\/?page_id=8979","title":{"rendered":"Marketing para marcas sostenibles"},"content":{"rendered":"\t\t<div data-elementor-type=\"wp-page\" data-elementor-id=\"8979\" class=\"elementor elementor-8979\" data-elementor-post-type=\"page\">\n\t\t\t\t\t\t<section class=\"elementor-section elementor-top-section elementor-element elementor-element-fc0fb42 elementor-section-height-min-height elementor-section-boxed elementor-section-height-default elementor-section-items-middle\" data-id=\"fc0fb42\" data-element_type=\"section\" data-e-type=\"section\" data-settings=\"{&quot;background_background&quot;:&quot;classic&quot;}\">\n\t\t\t\t\t\t\t<div class=\"elementor-background-overlay\"><\/div>\n\t\t\t\t\t\t\t<div class=\"elementor-container elementor-column-gap-default\">\n\t\t\t\t\t<div class=\"elementor-column elementor-col-100 elementor-top-column elementor-element elementor-element-a8b18fb\" data-id=\"a8b18fb\" data-element_type=\"column\" data-e-type=\"column\">\n\t\t\t<div class=\"elementor-widget-wrap elementor-element-populated\">\n\t\t\t\t\t\t<div class=\"elementor-element elementor-element-3bbca0d elementor-widget elementor-widget-heading\" data-id=\"3bbca0d\" data-element_type=\"widget\" data-e-type=\"widget\" data-widget_type=\"heading.default\">\n\t\t\t\t<div class=\"elementor-widget-container\">\n\t\t\t\t\t<h2 class=\"elementor-heading-title elementor-size-default\">Curso Online: <br>Marketing para marcas Sostenibles<\/h2>\t\t\t\t<\/div>\n\t\t\t\t<\/div>\n\t\t\t\t<div class=\"elementor-element elementor-element-ad95367 elementor-widget elementor-widget-text-editor\" data-id=\"ad95367\" data-element_type=\"widget\" data-e-type=\"widget\" data-widget_type=\"text-editor.default\">\n\t\t\t\t<div class=\"elementor-widget-container\">\n\t\t\t\t\t\t\t\t\t<p>Transform\u00e1 tu forma de comunicar. Vend\u00e9 sin perder el alma.<\/p><p><!-- \/wp:paragraph --><\/p><p><!-- wp:paragraph --><\/p><p><!-- \/wp:paragraph --><\/p><p><!-- wp:image --><\/p><figure class=\"wp-block-image\"><\/figure><figure class=\"wp-block-gallery has-nested-images columns-default is-cropped\"><p><!-- \/wp:image --><\/p><\/figure><p><!-- \/wp:gallery --><\/p><p><!-- wp:paragraph --><\/p><p><!-- \/wp:paragraph --><\/p>\t\t\t\t\t\t\t\t<\/div>\n\t\t\t\t<\/div>\n\t\t\t\t<div class=\"elementor-element elementor-element-7f3dbdd elementor-widget elementor-widget-text-editor\" data-id=\"7f3dbdd\" data-element_type=\"widget\" data-e-type=\"widget\" data-widget_type=\"text-editor.default\">\n\t\t\t\t<div class=\"elementor-widget-container\">\n\t\t\t\t\t\t\t\t\t<p>Este curso es para marcas, emprendimientos y creadores que quieran comunicar de forma<br \/>aut\u00e9ntica, con impacto real y coherencia con sus valores.<br \/>Te voy a mostrar c\u00f3mo hacer marketing sin caer en f\u00f3rmulas vac\u00edas, sin vender humo y sin<br \/>dejar de ser vos.<\/p><p><!-- \/wp:paragraph --><\/p><p><!-- wp:paragraph --><\/p><p><!-- \/wp:paragraph --><\/p><p><!-- wp:image --><\/p><figure class=\"wp-block-image\"><\/figure><figure class=\"wp-block-gallery has-nested-images columns-default is-cropped\"><p><!-- \/wp:image --><\/p><\/figure><p><!-- \/wp:gallery --><\/p><p><!-- wp:paragraph --><\/p><p><!-- \/wp:paragraph --><\/p>\t\t\t\t\t\t\t\t<\/div>\n\t\t\t\t<\/div>\n\t\t\t\t\t<\/div>\n\t\t<\/div>\n\t\t\t\t\t<\/div>\n\t\t<\/section>\n\t\t\t\t<section class=\"elementor-section elementor-top-section elementor-element elementor-element-6a1372c elementor-section-boxed elementor-section-height-default elementor-section-height-default\" data-id=\"6a1372c\" data-element_type=\"section\" data-e-type=\"section\" data-settings=\"{&quot;background_background&quot;:&quot;classic&quot;}\">\n\t\t\t\t\t\t<div class=\"elementor-container elementor-column-gap-default\">\n\t\t\t\t\t<div class=\"elementor-column elementor-col-100 elementor-top-column elementor-element elementor-element-a3612b3\" data-id=\"a3612b3\" data-element_type=\"column\" data-e-type=\"column\">\n\t\t\t<div class=\"elementor-widget-wrap elementor-element-populated\">\n\t\t\t\t\t\t<div class=\"elementor-element elementor-element-995677e elementor-widget elementor-widget-html\" data-id=\"995677e\" data-element_type=\"widget\" data-e-type=\"widget\" data-widget_type=\"html.default\">\n\t\t\t\t<div class=\"elementor-widget-container\">\n\t\t\t\t\t<style>\r\n    \r\n    .frase-final {\r\n  margin-top: 32px;\r\n  padding: 20px;\r\n  background-color:#EBE8FF;\r\n  text-align: center;\r\n  border-radius: 8px;\r\n  font-size: 16px;\r\n  color: #333;\r\n  line-height: 1.6;\r\n}\r\n\r\n.frase-final p {\r\n  margin: 0;\r\n}\r\n<\/style>\r\n\r\n<div class=\"frase-final\">\r\n    <p><strong>Una buena idea sin buena comunicaci\u00f3n, no llega a nadie.<\/strong> Este curso es una invitaci\u00f3n a pensar distinto, a decir lo que hac\u00e9s con verdad y a construir\r\nuna marca que no solo venda, sino que deje huella.<\/p>\r\n  <\/div>\t\t\t\t<\/div>\n\t\t\t\t<\/div>\n\t\t\t\t<div class=\"elementor-element elementor-element-0187c43 elementor-widget elementor-widget-text-editor\" data-id=\"0187c43\" data-element_type=\"widget\" data-e-type=\"widget\" data-widget_type=\"text-editor.default\">\n\t\t\t\t<div class=\"elementor-widget-container\">\n\t\t\t\t\t\t\t\t\t<p>\u00bfEmpezamos?<\/p><p><!-- \/wp:paragraph --><\/p><p><!-- wp:paragraph --><\/p><p><!-- \/wp:paragraph --><\/p><p><!-- wp:image --><\/p><figure class=\"wp-block-image\"><\/figure><figure class=\"wp-block-gallery has-nested-images columns-default is-cropped\"><p><!-- \/wp:image --><\/p><\/figure><p><!-- \/wp:gallery --><\/p><p><!-- wp:paragraph --><\/p><p><!-- \/wp:paragraph --><\/p>\t\t\t\t\t\t\t\t<\/div>\n\t\t\t\t<\/div>\n\t\t\t\t<div class=\"elementor-element elementor-element-150dc35 elementor-mobile-align-center elementor-align-center elementor-widget elementor-widget-button\" data-id=\"150dc35\" data-element_type=\"widget\" data-e-type=\"widget\" data-widget_type=\"button.default\">\n\t\t\t\t<div class=\"elementor-widget-container\">\n\t\t\t\t\t\t\t\t\t<div class=\"elementor-button-wrapper\">\n\t\t\t\t\t<a class=\"elementor-button elementor-button-link elementor-size-sm\" href=\"https:\/\/wa.me\/5492325426601?text=Hola,%20estoy%20interesado%20en%20un%20curso.\">\n\t\t\t\t\t\t<span class=\"elementor-button-content-wrapper\">\n\t\t\t\t\t\t\t\t\t<span class=\"elementor-button-text\">Contacto por Whatsapp<\/span>\n\t\t\t\t\t<\/span>\n\t\t\t\t\t<\/a>\n\t\t\t\t<\/div>\n\t\t\t\t\t\t\t\t<\/div>\n\t\t\t\t<\/div>\n\t\t\t\t\t<\/div>\n\t\t<\/div>\n\t\t\t\t\t<\/div>\n\t\t<\/section>\n\t\t\t\t<section class=\"elementor-section elementor-top-section elementor-element elementor-element-c6cd84c elementor-section-boxed elementor-section-height-default elementor-section-height-default\" data-id=\"c6cd84c\" data-element_type=\"section\" data-e-type=\"section\">\n\t\t\t\t\t\t<div class=\"elementor-container elementor-column-gap-default\">\n\t\t\t\t\t<div class=\"elementor-column elementor-col-100 elementor-top-column elementor-element elementor-element-df185d8\" data-id=\"df185d8\" data-element_type=\"column\" data-e-type=\"column\">\n\t\t\t<div class=\"elementor-widget-wrap elementor-element-populated\">\n\t\t\t\t\t\t<div class=\"elementor-element elementor-element-ccfac1a elementor-widget elementor-widget-text-editor\" data-id=\"ccfac1a\" data-element_type=\"widget\" data-e-type=\"widget\" data-widget_type=\"text-editor.default\">\n\t\t\t\t<div class=\"elementor-widget-container\">\n\t\t\t\t\t\t\t\t\t<p>\u00bfQu\u00e9 vas a aprender?<\/p><p><!-- \/wp:paragraph --><\/p><p><!-- wp:paragraph --><\/p><p><!-- \/wp:paragraph --><\/p><p><!-- wp:image --><\/p><figure class=\"wp-block-image\"><\/figure><figure class=\"wp-block-gallery has-nested-images columns-default is-cropped\"><p><!-- \/wp:image --><\/p><\/figure><p><!-- \/wp:gallery --><\/p><p><!-- wp:paragraph --><\/p><p><!-- \/wp:paragraph --><\/p>\t\t\t\t\t\t\t\t<\/div>\n\t\t\t\t<\/div>\n\t\t\t\t<div class=\"elementor-element elementor-element-2ca8367 elementor-widget elementor-widget-html\" data-id=\"2ca8367\" data-element_type=\"widget\" data-e-type=\"widget\" data-widget_type=\"html.default\">\n\t\t\t\t<div class=\"elementor-widget-container\">\n\t\t\t\t\t<style>\n.lista-temario {\n  font-family: 'Barlow', sans-serif;\n  font-size: 16px;\n  line-height: 1.6;\n  color: #333;\n  padding: 20px;\n  background-color: #ffffff;\n  border-radius: 12px;\n  box-shadow: 0 2px 8px rgba(0,0,0,0.08);\n  max-width: 800px;\n  margin: 0 auto;\n}\n.lista-temario ul {\n  list-style: none;\n  padding-left: 0;\n}\n.lista-temario li {\n  position: relative;\n  padding-left: 28px;\n  margin-bottom: 16px;\n}\n.lista-temario li::before {\n  position: absolute;\n  left: 0;\n  font-size: 18px;\n  color: #BEFF32;\n}\n.lista-temario li:nth-child(1)::before { content: \"\ud83e\udded\"; } \/* posicionar marca *\/\n.lista-temario li:nth-child(2)::before { content: \"\ud83c\udfaf\"; } \/* campa\u00f1as con prop\u00f3sito *\/\n.lista-temario li:nth-child(3)::before { content: \"\ud83d\udcbb\"; } \/* herramientas digitales *\/\n.lista-temario li:nth-child(4)::before { content: \"\ud83c\udf31\"; } \/* publicidad verde *\/\n.lista-temario li:nth-child(5)::before { content: \"\ud83d\udc9e\"; } \/* conexi\u00f3n emocional *\/\n.lista-temario li:nth-child(6)::before { content: \"\ud83d\udce3\"; } \/* mostrar con claridad *\/\n<\/style>\n\n<div class=\"lista-temario\">\n  <ul>\n    <li>A posicionar tu marca desde lo que cre\u00e9s.<\/li>\n    <li>Dise\u00f1ar campa\u00f1as con prop\u00f3sito.<\/li>\n    <li>A usar herramientas como redes, blogs y newsletters sin agobiarte.<\/li>\n    <li>A entender qu\u00e9 es la publicidad verde y c\u00f3mo no caer en el greenwashing.<\/li>\n    <li>A conectar emocionalmente con tu comunidad.<\/li>\n    <li>A mostrar lo que hac\u00e9s con claridad, sin exagerar ni esconder.<\/li>\n  <\/ul>\n<\/div>\n\n\n\t\t\t\t<\/div>\n\t\t\t\t<\/div>\n\t\t\t\t\t<\/div>\n\t\t<\/div>\n\t\t\t\t\t<\/div>\n\t\t<\/section>\n\t\t\t\t<section class=\"elementor-section elementor-top-section elementor-element elementor-element-b9c0939 elementor-section-boxed elementor-section-height-default elementor-section-height-default\" data-id=\"b9c0939\" data-element_type=\"section\" data-e-type=\"section\">\n\t\t\t\t\t\t<div class=\"elementor-container elementor-column-gap-default\">\n\t\t\t\t\t<div class=\"elementor-column elementor-col-100 elementor-top-column elementor-element elementor-element-164e1f5\" data-id=\"164e1f5\" data-element_type=\"column\" data-e-type=\"column\">\n\t\t\t<div class=\"elementor-widget-wrap elementor-element-populated\">\n\t\t\t\t\t\t<div class=\"elementor-element elementor-element-8d74e1a elementor-widget elementor-widget-html\" data-id=\"8d74e1a\" data-element_type=\"widget\" data-e-type=\"widget\" data-widget_type=\"html.default\">\n\t\t\t\t<div class=\"elementor-widget-container\">\n\t\t\t\t\t<style>\r\n.info-curso {\r\n  font-family: 'Barlow', sans-serif;\r\n  background-color: #ffffff;\r\n  padding: 40px 20px;\r\n  max-width: 800px;\r\n  margin: 40px auto;\r\n  border-radius: 12px;\r\n  box-shadow: 0 2px 10px rgba(0, 0, 0, 0.06);\r\n  color: #333;\r\n}\r\n\r\n.info-curso .bloque {\r\n  margin-bottom: 32px;\r\n}\r\n\r\n.info-curso h3 {\r\n  font-size: 22px;\r\n  margin-bottom: 16px;\r\n  color: #222;\r\n  border-left: 4px solid #BEFF32;\r\n  padding-left: 12px;\r\n}\r\n\r\n.info-curso ul {\r\n  list-style: none;\r\n  padding-left: 0;\r\n}\r\n\r\n.info-curso li {\r\n  margin-bottom: 10px;\r\n  padding-left: 0;\r\n  line-height: 1.5;\r\n}\r\n\r\n.info-curso p {\r\n  margin: 10px 0;\r\n  font-size: 16px;\r\n}\r\n\r\n.info-curso strong {\r\n  color: #111;\r\n  font-weight: 600;\r\n}\r\n\r\n.info-curso em {\r\n  color: #666;\r\n  font-style: italic;\r\n}\r\n\r\n.destacado-precio {\r\n  background-color: #EBE8FF;\r\n  border-left: 5px solid #BEFF32;\r\n  padding: 16px 20px;\r\n  border-radius: 10px;\r\n  box-shadow: 0 2px 6px rgba(0, 0, 0, 0.03);\r\n  margin-top: 10px;\r\n}\r\n\r\n.destacado-precio p {\r\n  margin: 6px 0;\r\n  font-size: 17px;\r\n  color: #2a2a2a;\r\n}\r\n\r\n.destacado-precio .monto {\r\n  font-size: 24px;\r\n  font-weight: 700;\r\n  color: #1a1a1a;\r\n}\r\n\r\n.destacado-precio .nota {\r\n  font-size: 14px;\r\n  color: #666;\r\n}\r\n  \r\n    \r\n<\/style>\r\n\r\n\r\n\r\n\r\n\r\n<section class=\"info-curso\">\r\n  <div class=\"bloque\">\r\n    <h3>Modalidad<\/h3>\r\n    <ul>\r\n      <li>\ud83d\udcc6 Duraci\u00f3n: 3 meses<\/li>\r\n      <li>\ud83d\udcbb Modalidad: Online (clases en vivo + materiales grabados)<\/li>\r\n      <li>\ud83c\udfa5 Plataforma: Zoom + Classroom<\/li>\r\n      <li>\ud83d\udd52 Dos encuentros semanales de 2 horas<\/li>\r\n      <li>\ud83d\udcac Grupo de WhatsApp para dudas, ideas y comunidad<\/li>\r\n      <li>\ud83c\udf9e\ufe0f Todo queda grabado si no pod\u00e9s estar en vivo<\/li>\r\n      <li>\ud83d\udcdc Certificado de participaci\u00f3n<\/li>\r\n    <\/ul>\r\n  <\/div>\r\n\r\n <div class=\"bloque\">\r\n  <h3>Precio<\/h3>\r\n  <div class=\"destacado-precio\">\r\n    <p>\ud83d\udcb8 Valor total del curso:<\/p>\r\n    <p class=\"monto\">$150.000 ARS<\/p>\r\n    <p class=\"nota\"><em>(Consultar por pagos en dos partes o becas limitadas para proyectos de triple impacto)<\/em><\/p>\r\n  <\/div>\r\n<\/div>\r\n\r\n\r\n  <div class=\"bloque\">\r\n    <h3>Este curso es para vos si\u2026<\/h3>\r\n    <ul>\r\n      <li>\u2714\ufe0f Ten\u00e9s una marca y no sab\u00e9s c\u00f3mo contar tu mensaje.<\/li>\r\n      <li>\u2714\ufe0f Sent\u00eds que todo lo que ves en redes se parece.<\/li>\r\n      <li>\u2714\ufe0f Quer\u00e9s vender pero sin traicionar tus valores.<\/li>\r\n      <li>\u2714\ufe0f Est\u00e1s empezando y necesit\u00e1s una hoja de ruta.<\/li>\r\n      <li>\u2714\ufe0f Quer\u00e9s profesionalizar tu comunicaci\u00f3n sin dejar de ser vos.<\/li>\r\n    <\/ul>\r\n  <\/div>\r\n<\/section>\r\n\t\t\t\t<\/div>\n\t\t\t\t<\/div>\n\t\t\t\t<div class=\"elementor-element elementor-element-3a6161e elementor-widget elementor-widget-text-editor\" data-id=\"3a6161e\" data-element_type=\"widget\" data-e-type=\"widget\" data-widget_type=\"text-editor.default\">\n\t\t\t\t<div class=\"elementor-widget-container\">\n\t\t\t\t\t\t\t\t\t<p>\u00a1Quiero empezar!<\/p><p><!-- \/wp:paragraph --><\/p><p><!-- wp:paragraph --><\/p><p><!-- \/wp:paragraph --><\/p><p><!-- wp:image --><\/p><figure class=\"wp-block-image\"><\/figure><figure class=\"wp-block-gallery has-nested-images columns-default is-cropped\"><p><!-- \/wp:image --><\/p><\/figure><p><!-- \/wp:gallery --><\/p><p><!-- wp:paragraph --><\/p><p><!-- \/wp:paragraph --><\/p>\t\t\t\t\t\t\t\t<\/div>\n\t\t\t\t<\/div>\n\t\t\t\t<div class=\"elementor-element elementor-element-d1095a1 elementor-mobile-align-center elementor-align-center elementor-widget elementor-widget-button\" data-id=\"d1095a1\" data-element_type=\"widget\" data-e-type=\"widget\" data-widget_type=\"button.default\">\n\t\t\t\t<div class=\"elementor-widget-container\">\n\t\t\t\t\t\t\t\t\t<div class=\"elementor-button-wrapper\">\n\t\t\t\t\t<a class=\"elementor-button elementor-button-link elementor-size-sm\" href=\"#\">\n\t\t\t\t\t\t<span class=\"elementor-button-content-wrapper\">\n\t\t\t\t\t\t\t\t\t<span class=\"elementor-button-text\">Contacto por Whatsapp<\/span>\n\t\t\t\t\t<\/span>\n\t\t\t\t\t<\/a>\n\t\t\t\t<\/div>\n\t\t\t\t\t\t\t\t<\/div>\n\t\t\t\t<\/div>\n\t\t\t\t\t<\/div>\n\t\t<\/div>\n\t\t\t\t\t<\/div>\n\t\t<\/section>\n\t\t\t\t<\/div>\n\t\t","protected":false},"excerpt":{"rendered":"<p>Curso Online: Marketing para marcas Sostenibles Transform\u00e1 tu forma de comunicar. Vend\u00e9 sin perder el alma. Este curso es para marcas, emprendimientos y creadores que quieran comunicar de formaaut\u00e9ntica, con impacto real y coherencia con sus valores.Te voy a mostrar c\u00f3mo hacer marketing sin caer en f\u00f3rmulas vac\u00edas, sin vender humo y sindejar de ser &hellip;<\/p>\n<p class=\"read-more\"> <a class=\"\" href=\"https:\/\/daianacaceres.com.ar\/?page_id=8979\"> <span class=\"screen-reader-text\">Marketing para marcas sostenibles<\/span> Leer m\u00e1s &raquo;<\/a><\/p>\n","protected":false},"author":1,"featured_media":0,"parent":0,"menu_order":0,"comment_status":"closed","ping_status":"closed","template":"","meta":{"om_disable_all_campaigns":false,"_monsterinsights_skip_tracking":false,"_monsterinsights_sitenote_active":false,"_monsterinsights_sitenote_note":"","_monsterinsights_sitenote_category":0,"site-sidebar-layout":"no-sidebar","site-content-layout":"page-builder","ast-site-content-layout":"full-width-container","site-content-style":"default","site-sidebar-style":"default","ast-global-header-display":"","ast-banner-title-visibility":"","ast-main-header-display":"","ast-hfb-above-header-display":"","ast-hfb-below-header-display":"","ast-hfb-mobile-header-display":"","site-post-title":"disabled","ast-breadcrumbs-content":"","ast-featured-img":"disabled","footer-sml-layout":"","theme-transparent-header-meta":"","adv-header-id-meta":"","stick-header-meta":"","header-above-stick-meta":"","header-main-stick-meta":"","header-below-stick-meta":"","astra-migrate-meta-layouts":"set","ast-page-background-enabled":"default","ast-page-background-meta":{"desktop":{"background-color":"var(--ast-global-color-4)","background-image":"","background-repeat":"repeat","background-position":"center center","background-size":"auto","background-attachment":"scroll","background-type":"","background-media":"","overlay-type":"","overlay-color":"","overlay-gradient":""},"tablet":{"background-color":"","background-image":"","background-repeat":"repeat","background-position":"center center","background-size":"auto","background-attachment":"scroll","background-type":"","background-media":"","overlay-type":"","overlay-color":"","overlay-gradient":""},"mobile":{"background-color":"","background-image":"","background-repeat":"repeat","background-position":"center center","background-size":"auto","background-attachment":"scroll","background-type":"","background-media":"","overlay-type":"","overlay-color":"","overlay-gradient":""}},"ast-content-background-meta":{"desktop":{"background-color":"var(--ast-global-color-5)","background-image":"","background-repeat":"repeat","background-position":"center center","background-size":"auto","background-attachment":"scroll","background-type":"","background-media":"","overlay-type":"","overlay-color":"","overlay-gradient":""},"tablet":{"background-color":"var(--ast-global-color-5)","background-image":"","background-repeat":"repeat","background-position":"center center","background-size":"auto","background-attachment":"scroll","background-type":"","background-media":"","overlay-type":"","overlay-color":"","overlay-gradient":""},"mobile":{"background-color":"var(--ast-global-color-5)","background-image":"","background-repeat":"repeat","background-position":"center center","background-size":"auto","background-attachment":"scroll","background-type":"","background-media":"","overlay-type":"","overlay-color":"","overlay-gradient":""}},"footnotes":""},"class_list":["post-8979","page","type-page","status-publish","hentry"],"aioseo_notices":[],"_links":{"self":[{"href":"https:\/\/daianacaceres.com.ar\/index.php?rest_route=\/wp\/v2\/pages\/8979","targetHints":{"allow":["GET"]}}],"collection":[{"href":"https:\/\/daianacaceres.com.ar\/index.php?rest_route=\/wp\/v2\/pages"}],"about":[{"href":"https:\/\/daianacaceres.com.ar\/index.php?rest_route=\/wp\/v2\/types\/page"}],"author":[{"embeddable":true,"href":"https:\/\/daianacaceres.com.ar\/index.php?rest_route=\/wp\/v2\/users\/1"}],"replies":[{"embeddable":true,"href":"https:\/\/daianacaceres.com.ar\/index.php?rest_route=%2Fwp%2Fv2%2Fcomments&post=8979"}],"version-history":[{"count":43,"href":"https:\/\/daianacaceres.com.ar\/index.php?rest_route=\/wp\/v2\/pages\/8979\/revisions"}],"predecessor-version":[{"id":9132,"href":"https:\/\/daianacaceres.com.ar\/index.php?rest_route=\/wp\/v2\/pages\/8979\/revisions\/9132"}],"wp:attachment":[{"href":"https:\/\/daianacaceres.com.ar\/index.php?rest_route=%2Fwp%2Fv2%2Fmedia&parent=8979"}],"curies":[{"name":"wp","href":"https:\/\/api.w.org\/{rel}","templated":true}]}}