{"id":7458,"date":"2021-03-25T07:14:34","date_gmt":"2021-03-25T07:14:34","guid":{"rendered":"https:\/\/preview.tutorlms.com\/elementor-instructor\/?page_id=379"},"modified":"2025-08-22T13:34:35","modified_gmt":"2025-08-22T13:34:35","slug":"blog-2","status":"publish","type":"page","link":"https:\/\/daianacaceres.com.ar\/?page_id=7458","title":{"rendered":"Blog"},"content":{"rendered":"\t\t<div data-elementor-type=\"wp-page\" data-elementor-id=\"7458\" class=\"elementor elementor-7458\" data-elementor-post-type=\"page\">\n\t\t\t\t\t\t<section class=\"elementor-section elementor-top-section elementor-element elementor-element-13d3791 elementor-section-boxed elementor-section-height-default elementor-section-height-default\" data-id=\"13d3791\" data-element_type=\"section\" data-e-type=\"section\" data-settings=\"{&quot;background_background&quot;:&quot;classic&quot;}\">\n\t\t\t\t\t\t<div class=\"elementor-container elementor-column-gap-default\">\n\t\t\t\t\t<div class=\"elementor-column elementor-col-100 elementor-top-column elementor-element elementor-element-76cebbc\" data-id=\"76cebbc\" data-element_type=\"column\" data-e-type=\"column\">\n\t\t\t<div class=\"elementor-widget-wrap elementor-element-populated\">\n\t\t\t\t\t\t<div class=\"elementor-element elementor-element-4995585 elementor-widget elementor-widget-heading\" data-id=\"4995585\" data-element_type=\"widget\" data-e-type=\"widget\" data-widget_type=\"heading.default\">\n\t\t\t\t<div class=\"elementor-widget-container\">\n\t\t\t\t\t<h2 class=\"elementor-heading-title elementor-size-default\">Blog<\/h2>\t\t\t\t<\/div>\n\t\t\t\t<\/div>\n\t\t\t\t<div class=\"elementor-element elementor-element-5e487cc elementor-widget elementor-widget-heading\" data-id=\"5e487cc\" data-element_type=\"widget\" data-e-type=\"widget\" data-widget_type=\"heading.default\">\n\t\t\t\t<div class=\"elementor-widget-container\">\n\t\t\t\t\t<h2 class=\"elementor-heading-title elementor-size-default\">By Daiana<\/h2>\t\t\t\t<\/div>\n\t\t\t\t<\/div>\n\t\t\t\t\t<\/div>\n\t\t<\/div>\n\t\t\t\t\t<\/div>\n\t\t<\/section>\n\t\t\t\t<section class=\"elementor-section elementor-top-section elementor-element elementor-element-b440829 elementor-section-boxed elementor-section-height-default elementor-section-height-default\" data-id=\"b440829\" data-element_type=\"section\" data-e-type=\"section\">\n\t\t\t\t\t\t<div class=\"elementor-container elementor-column-gap-default\">\n\t\t\t\t\t<div class=\"elementor-column elementor-col-100 elementor-top-column elementor-element elementor-element-610effc\" data-id=\"610effc\" data-element_type=\"column\" data-e-type=\"column\">\n\t\t\t<div class=\"elementor-widget-wrap elementor-element-populated\">\n\t\t\t\t\t\t<div class=\"elementor-element elementor-element-338a33f elementor-grid-3 elementor-grid-tablet-2 elementor-grid-mobile-1 elementor-posts--thumbnail-top elementor-card-shadow-yes elementor-posts__hover-gradient elementor-widget elementor-widget-posts\" data-id=\"338a33f\" data-element_type=\"widget\" data-e-type=\"widget\" data-settings=\"{&quot;pagination_type&quot;:&quot;prev_next&quot;,&quot;cards_columns&quot;:&quot;3&quot;,&quot;cards_columns_tablet&quot;:&quot;2&quot;,&quot;cards_columns_mobile&quot;:&quot;1&quot;,&quot;cards_row_gap&quot;:{&quot;unit&quot;:&quot;px&quot;,&quot;size&quot;:35,&quot;sizes&quot;:[]},&quot;cards_row_gap_tablet&quot;:{&quot;unit&quot;:&quot;px&quot;,&quot;size&quot;:&quot;&quot;,&quot;sizes&quot;:[]},&quot;cards_row_gap_mobile&quot;:{&quot;unit&quot;:&quot;px&quot;,&quot;size&quot;:&quot;&quot;,&quot;sizes&quot;:[]}}\" data-widget_type=\"posts.cards\">\n\t\t\t\t<div class=\"elementor-widget-container\">\n\t\t\t\t\t\t\t<div class=\"elementor-posts-container elementor-posts elementor-posts--skin-cards elementor-grid\" role=\"list\">\n\t\t\t\t<article class=\"elementor-post elementor-grid-item post-9233 post type-post status-publish format-standard has-post-thumbnail hentry category-blog\" role=\"listitem\">\n\t\t\t<div class=\"elementor-post__card\">\n\t\t\t\t<a class=\"elementor-post__thumbnail__link\" href=\"https:\/\/daianacaceres.com.ar\/?p=9233\" tabindex=\"-1\" ><div class=\"elementor-post__thumbnail\"><img fetchpriority=\"high\" decoding=\"async\" width=\"169\" height=\"300\" src=\"https:\/\/daianacaceres.com.ar\/wp-content\/uploads\/2026\/02\/descarte-169x300.jpeg\" class=\"attachment-medium size-medium wp-image-9234\" alt=\"\" srcset=\"https:\/\/daianacaceres.com.ar\/wp-content\/uploads\/2026\/02\/descarte-169x300.jpeg 169w, https:\/\/daianacaceres.com.ar\/wp-content\/uploads\/2026\/02\/descarte.jpeg 360w\" sizes=\"(max-width: 169px) 100vw, 169px\" \/><\/div><\/a>\n\t\t\t\t<div class=\"elementor-post__badge\">blog<\/div>\n\t\t\t\t<div class=\"elementor-post__text\">\n\t\t\t\t<h3 class=\"elementor-post__title\">\n\t\t\t<a href=\"https:\/\/daianacaceres.com.ar\/?p=9233\" >\n\t\t\t\tLA MODA TAMBIEN ES TIEMPO\t\t\t<\/a>\n\t\t<\/h3>\n\t\t\t\t<div class=\"elementor-post__excerpt\">\n\t\t\t<p>La moda suele pensarse como imagen, como superficie, como tendencia.Pero la moda tambi\u00e9n es tiempo. Tiempo de producci\u00f3n: cu\u00e1nto tarda una prenda en hacerse, cu\u00e1ntas<\/p>\n\t\t<\/div>\n\t\t\n\t\t<a class=\"elementor-post__read-more\" href=\"https:\/\/daianacaceres.com.ar\/?p=9233\" aria-label=\"Read more about LA MODA TAMBIEN ES TIEMPO\" tabindex=\"-1\" >\n\t\t\tLeer m\u00e1s \u00bb\t\t<\/a>\n\n\t\t\t\t<\/div>\n\t\t\t\t<div class=\"elementor-post__meta-data\">\n\t\t\t\t\t<span class=\"elementor-post-date\">\n\t\t\tfebrero 3, 2026\t\t<\/span>\n\t\t\t\t<span class=\"elementor-post-avatar\">\n\t\t\tNo hay comentarios\t\t<\/span>\n\t\t\t\t<\/div>\n\t\t\t\t\t<\/div>\n\t\t<\/article>\n\t\t\t\t<article class=\"elementor-post elementor-grid-item post-9230 post type-post status-publish format-standard has-post-thumbnail hentry category-blog\" role=\"listitem\">\n\t\t\t<div class=\"elementor-post__card\">\n\t\t\t\t<a class=\"elementor-post__thumbnail__link\" href=\"https:\/\/daianacaceres.com.ar\/?p=9230\" tabindex=\"-1\" ><div class=\"elementor-post__thumbnail\"><img decoding=\"async\" width=\"300\" height=\"300\" src=\"https:\/\/daianacaceres.com.ar\/wp-content\/uploads\/2026\/02\/WhatsApp-Image-2026-02-03-at-4.01.00-AM-300x300.jpeg\" class=\"attachment-medium size-medium wp-image-9231\" alt=\"\" srcset=\"https:\/\/daianacaceres.com.ar\/wp-content\/uploads\/2026\/02\/WhatsApp-Image-2026-02-03-at-4.01.00-AM-300x300.jpeg 300w, https:\/\/daianacaceres.com.ar\/wp-content\/uploads\/2026\/02\/WhatsApp-Image-2026-02-03-at-4.01.00-AM-150x150.jpeg 150w, https:\/\/daianacaceres.com.ar\/wp-content\/uploads\/2026\/02\/WhatsApp-Image-2026-02-03-at-4.01.00-AM-768x768.jpeg 768w, https:\/\/daianacaceres.com.ar\/wp-content\/uploads\/2026\/02\/WhatsApp-Image-2026-02-03-at-4.01.00-AM.jpeg 1024w\" sizes=\"(max-width: 300px) 100vw, 300px\" \/><\/div><\/a>\n\t\t\t\t<div class=\"elementor-post__badge\">blog<\/div>\n\t\t\t\t<div class=\"elementor-post__text\">\n\t\t\t\t<h3 class=\"elementor-post__title\">\n\t\t\t<a href=\"https:\/\/daianacaceres.com.ar\/?p=9230\" >\n\t\t\t\tCURAR NO ES ACUMULAR\t\t\t<\/a>\n\t\t<\/h3>\n\t\t\t\t<div class=\"elementor-post__excerpt\">\n\t\t\t<p>C\u00f3mo se arma una selecci\u00f3n con criterio Curar no es juntar mucho.Curar es saber decir que no. En un contexto donde todo se muestra, todo<\/p>\n\t\t<\/div>\n\t\t\n\t\t<a class=\"elementor-post__read-more\" href=\"https:\/\/daianacaceres.com.ar\/?p=9230\" aria-label=\"Read more about CURAR NO ES ACUMULAR\" tabindex=\"-1\" >\n\t\t\tLeer m\u00e1s \u00bb\t\t<\/a>\n\n\t\t\t\t<\/div>\n\t\t\t\t<div class=\"elementor-post__meta-data\">\n\t\t\t\t\t<span class=\"elementor-post-date\">\n\t\t\tfebrero 3, 2026\t\t<\/span>\n\t\t\t\t<span class=\"elementor-post-avatar\">\n\t\t\tNo hay comentarios\t\t<\/span>\n\t\t\t\t<\/div>\n\t\t\t\t\t<\/div>\n\t\t<\/article>\n\t\t\t\t<article class=\"elementor-post elementor-grid-item post-9227 post type-post status-publish format-standard has-post-thumbnail hentry category-blog\" role=\"listitem\">\n\t\t\t<div class=\"elementor-post__card\">\n\t\t\t\t<a class=\"elementor-post__thumbnail__link\" href=\"https:\/\/daianacaceres.com.ar\/?p=9227\" tabindex=\"-1\" ><div class=\"elementor-post__thumbnail\"><img decoding=\"async\" width=\"300\" height=\"258\" src=\"https:\/\/daianacaceres.com.ar\/wp-content\/uploads\/2026\/02\/Moda-Circular-300x258.jpeg\" class=\"attachment-medium size-medium wp-image-9228\" alt=\"\" srcset=\"https:\/\/daianacaceres.com.ar\/wp-content\/uploads\/2026\/02\/Moda-Circular-300x258.jpeg 300w, https:\/\/daianacaceres.com.ar\/wp-content\/uploads\/2026\/02\/Moda-Circular-1024x879.jpeg 1024w, https:\/\/daianacaceres.com.ar\/wp-content\/uploads\/2026\/02\/Moda-Circular-768x659.jpeg 768w, https:\/\/daianacaceres.com.ar\/wp-content\/uploads\/2026\/02\/Moda-Circular.jpeg 1179w\" sizes=\"(max-width: 300px) 100vw, 300px\" \/><\/div><\/a>\n\t\t\t\t<div class=\"elementor-post__badge\">blog<\/div>\n\t\t\t\t<div class=\"elementor-post__text\">\n\t\t\t\t<h3 class=\"elementor-post__title\">\n\t\t\t<a href=\"https:\/\/daianacaceres.com.ar\/?p=9227\" >\n\t\t\t\tLA ROPA NO ES DESCARTABLE, LA LOGICA ES LA QUE LO ES\t\t\t<\/a>\n\t\t<\/h3>\n\t\t\t\t<div class=\"elementor-post__excerpt\">\n\t\t\t<p>Durante a\u00f1os se nos ense\u00f1\u00f3 que la ropa envejece r\u00e1pido.Que pasa de moda.Que deja de servir. Pero la ropa no se vuelve descartable sola.Es descartada<\/p>\n\t\t<\/div>\n\t\t\n\t\t<a class=\"elementor-post__read-more\" href=\"https:\/\/daianacaceres.com.ar\/?p=9227\" aria-label=\"Read more about LA ROPA NO ES DESCARTABLE, LA LOGICA ES LA QUE LO ES\" tabindex=\"-1\" >\n\t\t\tLeer m\u00e1s \u00bb\t\t<\/a>\n\n\t\t\t\t<\/div>\n\t\t\t\t<div class=\"elementor-post__meta-data\">\n\t\t\t\t\t<span class=\"elementor-post-date\">\n\t\t\tfebrero 3, 2026\t\t<\/span>\n\t\t\t\t<span class=\"elementor-post-avatar\">\n\t\t\tNo hay comentarios\t\t<\/span>\n\t\t\t\t<\/div>\n\t\t\t\t\t<\/div>\n\t\t<\/article>\n\t\t\t\t<article class=\"elementor-post elementor-grid-item post-9224 post type-post status-publish format-standard has-post-thumbnail hentry category-blog\" role=\"listitem\">\n\t\t\t<div class=\"elementor-post__card\">\n\t\t\t\t<a class=\"elementor-post__thumbnail__link\" href=\"https:\/\/daianacaceres.com.ar\/?p=9224\" tabindex=\"-1\" ><div class=\"elementor-post__thumbnail\"><img loading=\"lazy\" decoding=\"async\" width=\"240\" height=\"300\" src=\"https:\/\/daianacaceres.com.ar\/wp-content\/uploads\/2026\/02\/Compra-menos-240x300.jpeg\" class=\"attachment-medium size-medium wp-image-9225\" alt=\"\" srcset=\"https:\/\/daianacaceres.com.ar\/wp-content\/uploads\/2026\/02\/Compra-menos-240x300.jpeg 240w, https:\/\/daianacaceres.com.ar\/wp-content\/uploads\/2026\/02\/Compra-menos-819x1024.jpeg 819w, https:\/\/daianacaceres.com.ar\/wp-content\/uploads\/2026\/02\/Compra-menos-768x960.jpeg 768w, https:\/\/daianacaceres.com.ar\/wp-content\/uploads\/2026\/02\/Compra-menos.jpeg 1080w\" sizes=\"(max-width: 240px) 100vw, 240px\" \/><\/div><\/a>\n\t\t\t\t<div class=\"elementor-post__badge\">blog<\/div>\n\t\t\t\t<div class=\"elementor-post__text\">\n\t\t\t\t<h3 class=\"elementor-post__title\">\n\t\t\t<a href=\"https:\/\/daianacaceres.com.ar\/?p=9224\" >\n\t\t\t\tCOMPRA MENOS ELEGI MEJOR\t\t\t<\/a>\n\t\t<\/h3>\n\t\t\t\t<div class=\"elementor-post__excerpt\">\n\t\t\t<p>Qu\u00e9 significa consumir moda con conciencia hoy Hablar de compras conscientes suele generar rechazo porque durante mucho tiempo se asoci\u00f3 a la culpa, a la<\/p>\n\t\t<\/div>\n\t\t\n\t\t<a class=\"elementor-post__read-more\" href=\"https:\/\/daianacaceres.com.ar\/?p=9224\" aria-label=\"Read more about COMPRA MENOS ELEGI MEJOR\" tabindex=\"-1\" >\n\t\t\tLeer m\u00e1s \u00bb\t\t<\/a>\n\n\t\t\t\t<\/div>\n\t\t\t\t<div class=\"elementor-post__meta-data\">\n\t\t\t\t\t<span class=\"elementor-post-date\">\n\t\t\tfebrero 3, 2026\t\t<\/span>\n\t\t\t\t<span class=\"elementor-post-avatar\">\n\t\t\tNo hay comentarios\t\t<\/span>\n\t\t\t\t<\/div>\n\t\t\t\t\t<\/div>\n\t\t<\/article>\n\t\t\t\t<article class=\"elementor-post elementor-grid-item post-9220 post type-post status-publish format-standard has-post-thumbnail hentry category-blog\" role=\"listitem\">\n\t\t\t<div class=\"elementor-post__card\">\n\t\t\t\t<a class=\"elementor-post__thumbnail__link\" href=\"https:\/\/daianacaceres.com.ar\/?p=9220\" tabindex=\"-1\" ><div class=\"elementor-post__thumbnail\"><img loading=\"lazy\" decoding=\"async\" width=\"240\" height=\"300\" src=\"https:\/\/daianacaceres.com.ar\/wp-content\/uploads\/2026\/01\/WhatsApp-Image-2026-01-17-at-8.45.45-AM-240x300.jpeg\" class=\"attachment-medium size-medium wp-image-9221\" alt=\"\" srcset=\"https:\/\/daianacaceres.com.ar\/wp-content\/uploads\/2026\/01\/WhatsApp-Image-2026-01-17-at-8.45.45-AM-240x300.jpeg 240w, https:\/\/daianacaceres.com.ar\/wp-content\/uploads\/2026\/01\/WhatsApp-Image-2026-01-17-at-8.45.45-AM-819x1024.jpeg 819w, https:\/\/daianacaceres.com.ar\/wp-content\/uploads\/2026\/01\/WhatsApp-Image-2026-01-17-at-8.45.45-AM-768x960.jpeg 768w, https:\/\/daianacaceres.com.ar\/wp-content\/uploads\/2026\/01\/WhatsApp-Image-2026-01-17-at-8.45.45-AM.jpeg 1080w\" sizes=\"(max-width: 240px) 100vw, 240px\" \/><\/div><\/a>\n\t\t\t\t<div class=\"elementor-post__badge\">blog<\/div>\n\t\t\t\t<div class=\"elementor-post__text\">\n\t\t\t\t<h3 class=\"elementor-post__title\">\n\t\t\t<a href=\"https:\/\/daianacaceres.com.ar\/?p=9220\" >\n\t\t\t\tCURADURIA BY DAIANA CACERES\t\t\t<\/a>\n\t\t<\/h3>\n\t\t\t\t<div class=\"elementor-post__excerpt\">\n\t\t\t<p>Curadur\u00eda By DaianaPrendas seleccionadas una por una, de primeras marcas y dise\u00f1o nacional.Ropa casi nueva, vers\u00e1til y atemporal, pensada para durar y circular. No es<\/p>\n\t\t<\/div>\n\t\t\n\t\t<a class=\"elementor-post__read-more\" href=\"https:\/\/daianacaceres.com.ar\/?p=9220\" aria-label=\"Read more about CURADURIA BY DAIANA CACERES\" tabindex=\"-1\" >\n\t\t\tLeer m\u00e1s \u00bb\t\t<\/a>\n\n\t\t\t\t<\/div>\n\t\t\t\t<div class=\"elementor-post__meta-data\">\n\t\t\t\t\t<span class=\"elementor-post-date\">\n\t\t\tenero 17, 2026\t\t<\/span>\n\t\t\t\t<span class=\"elementor-post-avatar\">\n\t\t\tNo hay comentarios\t\t<\/span>\n\t\t\t\t<\/div>\n\t\t\t\t\t<\/div>\n\t\t<\/article>\n\t\t\t\t<article class=\"elementor-post elementor-grid-item post-9202 post type-post status-publish format-standard has-post-thumbnail hentry category-blog\" role=\"listitem\">\n\t\t\t<div class=\"elementor-post__card\">\n\t\t\t\t<a class=\"elementor-post__thumbnail__link\" href=\"https:\/\/daianacaceres.com.ar\/?p=9202\" tabindex=\"-1\" ><div class=\"elementor-post__thumbnail\"><img loading=\"lazy\" decoding=\"async\" width=\"169\" height=\"300\" src=\"https:\/\/daianacaceres.com.ar\/wp-content\/uploads\/2025\/12\/Cuerpo-169x300.jpeg\" class=\"attachment-medium size-medium wp-image-9203\" alt=\"\" srcset=\"https:\/\/daianacaceres.com.ar\/wp-content\/uploads\/2025\/12\/Cuerpo-169x300.jpeg 169w, https:\/\/daianacaceres.com.ar\/wp-content\/uploads\/2025\/12\/Cuerpo-577x1024.jpeg 577w, https:\/\/daianacaceres.com.ar\/wp-content\/uploads\/2025\/12\/Cuerpo.jpeg 676w\" sizes=\"(max-width: 169px) 100vw, 169px\" \/><\/div><\/a>\n\t\t\t\t<div class=\"elementor-post__badge\">blog<\/div>\n\t\t\t\t<div class=\"elementor-post__text\">\n\t\t\t\t<h3 class=\"elementor-post__title\">\n\t\t\t<a href=\"https:\/\/daianacaceres.com.ar\/?p=9202\" >\n\t\t\t\tEL CUERPO NO ES UNA TENDENCIA\t\t\t<\/a>\n\t\t<\/h3>\n\t\t\t\t<div class=\"elementor-post__excerpt\">\n\t\t\t<p>Cuando la moda exige adaptaci\u00f3n constante y el cuerpo queda como territorio de correcci\u00f3n Hay algo que la moda repite cada temporada, aunque no siempre<\/p>\n\t\t<\/div>\n\t\t\n\t\t<a class=\"elementor-post__read-more\" href=\"https:\/\/daianacaceres.com.ar\/?p=9202\" aria-label=\"Read more about EL CUERPO NO ES UNA TENDENCIA\" tabindex=\"-1\" >\n\t\t\tLeer m\u00e1s \u00bb\t\t<\/a>\n\n\t\t\t\t<\/div>\n\t\t\t\t<div class=\"elementor-post__meta-data\">\n\t\t\t\t\t<span class=\"elementor-post-date\">\n\t\t\tdiciembre 27, 2025\t\t<\/span>\n\t\t\t\t<span class=\"elementor-post-avatar\">\n\t\t\tNo hay comentarios\t\t<\/span>\n\t\t\t\t<\/div>\n\t\t\t\t\t<\/div>\n\t\t<\/article>\n\t\t\t\t<article class=\"elementor-post elementor-grid-item post-9196 post type-post status-publish format-standard has-post-thumbnail hentry category-blog\" role=\"listitem\">\n\t\t\t<div class=\"elementor-post__card\">\n\t\t\t\t<a class=\"elementor-post__thumbnail__link\" href=\"https:\/\/daianacaceres.com.ar\/?p=9196\" tabindex=\"-1\" ><div class=\"elementor-post__thumbnail\"><img loading=\"lazy\" decoding=\"async\" width=\"199\" height=\"300\" src=\"https:\/\/daianacaceres.com.ar\/wp-content\/uploads\/2025\/12\/Compra-barato-199x300.jpeg\" class=\"attachment-medium size-medium wp-image-9197\" alt=\"\" srcset=\"https:\/\/daianacaceres.com.ar\/wp-content\/uploads\/2025\/12\/Compra-barato-199x300.jpeg 199w, https:\/\/daianacaceres.com.ar\/wp-content\/uploads\/2025\/12\/Compra-barato-678x1024.jpeg 678w, https:\/\/daianacaceres.com.ar\/wp-content\/uploads\/2025\/12\/Compra-barato-768x1159.jpeg 768w, https:\/\/daianacaceres.com.ar\/wp-content\/uploads\/2025\/12\/Compra-barato.jpeg 848w\" sizes=\"(max-width: 199px) 100vw, 199px\" \/><\/div><\/a>\n\t\t\t\t<div class=\"elementor-post__badge\">blog<\/div>\n\t\t\t\t<div class=\"elementor-post__text\">\n\t\t\t\t<h3 class=\"elementor-post__title\">\n\t\t\t<a href=\"https:\/\/daianacaceres.com.ar\/?p=9196\" >\n\t\t\t\tNO COMPRAR M\u00c1S TAMBI\u00c9N ES UNA DECISI\u00d3N POL\u00cdTICA\t\t\t<\/a>\n\t\t<\/h3>\n\t\t\t\t<div class=\"elementor-post__excerpt\">\n\t\t\t<p>Cuando el consumo deja de ser elecci\u00f3n individual y se vuelve una forma de resistencia cotidiana Hay una idea que circula cada vez m\u00e1s:\u201cconsumir menos\u201d.<\/p>\n\t\t<\/div>\n\t\t\n\t\t<a class=\"elementor-post__read-more\" href=\"https:\/\/daianacaceres.com.ar\/?p=9196\" aria-label=\"Read more about NO COMPRAR M\u00c1S TAMBI\u00c9N ES UNA DECISI\u00d3N POL\u00cdTICA\" tabindex=\"-1\" >\n\t\t\tLeer m\u00e1s \u00bb\t\t<\/a>\n\n\t\t\t\t<\/div>\n\t\t\t\t<div class=\"elementor-post__meta-data\">\n\t\t\t\t\t<span class=\"elementor-post-date\">\n\t\t\tdiciembre 27, 2025\t\t<\/span>\n\t\t\t\t<span class=\"elementor-post-avatar\">\n\t\t\tNo hay comentarios\t\t<\/span>\n\t\t\t\t<\/div>\n\t\t\t\t\t<\/div>\n\t\t<\/article>\n\t\t\t\t<article class=\"elementor-post elementor-grid-item post-9190 post type-post status-publish format-standard has-post-thumbnail hentry category-blog\" role=\"listitem\">\n\t\t\t<div class=\"elementor-post__card\">\n\t\t\t\t<a class=\"elementor-post__thumbnail__link\" href=\"https:\/\/daianacaceres.com.ar\/?p=9190\" tabindex=\"-1\" ><div class=\"elementor-post__thumbnail\"><img loading=\"lazy\" decoding=\"async\" width=\"300\" height=\"300\" src=\"https:\/\/daianacaceres.com.ar\/wp-content\/uploads\/2025\/12\/70736eb3-75a5-4942-bf55-0f750f02b8be-300x300.jpg\" class=\"attachment-medium size-medium wp-image-9191\" alt=\"\" srcset=\"https:\/\/daianacaceres.com.ar\/wp-content\/uploads\/2025\/12\/70736eb3-75a5-4942-bf55-0f750f02b8be-300x300.jpg 300w, https:\/\/daianacaceres.com.ar\/wp-content\/uploads\/2025\/12\/70736eb3-75a5-4942-bf55-0f750f02b8be-150x150.jpg 150w, https:\/\/daianacaceres.com.ar\/wp-content\/uploads\/2025\/12\/70736eb3-75a5-4942-bf55-0f750f02b8be-768x768.jpg 768w, https:\/\/daianacaceres.com.ar\/wp-content\/uploads\/2025\/12\/70736eb3-75a5-4942-bf55-0f750f02b8be.jpg 1024w\" sizes=\"(max-width: 300px) 100vw, 300px\" \/><\/div><\/a>\n\t\t\t\t<div class=\"elementor-post__badge\">blog<\/div>\n\t\t\t\t<div class=\"elementor-post__text\">\n\t\t\t\t<h3 class=\"elementor-post__title\">\n\t\t\t<a href=\"https:\/\/daianacaceres.com.ar\/?p=9190\" >\n\t\t\t\tLA CONTRADICCI\u00d3N EN LA MODA: QU\u00c9 SE DICE, QU\u00c9 SE CALLA Y QUI\u00c9N PUEDE HABLAR\t\t\t<\/a>\n\t\t<\/h3>\n\t\t\t\t<div class=\"elementor-post__excerpt\">\n\t\t\t<p>La sostenibilidad como discurso, la est\u00e9tica como excusa y la pol\u00edtica silenciosa detr\u00e1s de cada Hay una frase que se repite cada vez m\u00e1s:\u201cla moda<\/p>\n\t\t<\/div>\n\t\t\n\t\t<a class=\"elementor-post__read-more\" href=\"https:\/\/daianacaceres.com.ar\/?p=9190\" aria-label=\"Read more about LA CONTRADICCI\u00d3N EN LA MODA: QU\u00c9 SE DICE, QU\u00c9 SE CALLA Y QUI\u00c9N PUEDE HABLAR\" tabindex=\"-1\" >\n\t\t\tLeer m\u00e1s \u00bb\t\t<\/a>\n\n\t\t\t\t<\/div>\n\t\t\t\t<div class=\"elementor-post__meta-data\">\n\t\t\t\t\t<span class=\"elementor-post-date\">\n\t\t\tdiciembre 1, 2025\t\t<\/span>\n\t\t\t\t<span class=\"elementor-post-avatar\">\n\t\t\tNo hay comentarios\t\t<\/span>\n\t\t\t\t<\/div>\n\t\t\t\t\t<\/div>\n\t\t<\/article>\n\t\t\t\t<article class=\"elementor-post elementor-grid-item post-9185 post type-post status-publish format-standard has-post-thumbnail hentry category-blog\" role=\"listitem\">\n\t\t\t<div class=\"elementor-post__card\">\n\t\t\t\t<a class=\"elementor-post__thumbnail__link\" href=\"https:\/\/daianacaceres.com.ar\/?p=9185\" tabindex=\"-1\" ><div class=\"elementor-post__thumbnail\"><img loading=\"lazy\" decoding=\"async\" width=\"191\" height=\"300\" src=\"https:\/\/daianacaceres.com.ar\/wp-content\/uploads\/2025\/12\/WhatsApp-Image-2025-12-01-at-8.25.39-AM-191x300.jpeg\" class=\"attachment-medium size-medium wp-image-9186\" alt=\"\" srcset=\"https:\/\/daianacaceres.com.ar\/wp-content\/uploads\/2025\/12\/WhatsApp-Image-2025-12-01-at-8.25.39-AM-191x300.jpeg 191w, https:\/\/daianacaceres.com.ar\/wp-content\/uploads\/2025\/12\/WhatsApp-Image-2025-12-01-at-8.25.39-AM-653x1024.jpeg 653w, https:\/\/daianacaceres.com.ar\/wp-content\/uploads\/2025\/12\/WhatsApp-Image-2025-12-01-at-8.25.39-AM-768x1205.jpeg 768w, https:\/\/daianacaceres.com.ar\/wp-content\/uploads\/2025\/12\/WhatsApp-Image-2025-12-01-at-8.25.39-AM.jpeg 816w\" sizes=\"(max-width: 191px) 100vw, 191px\" \/><\/div><\/a>\n\t\t\t\t<div class=\"elementor-post__badge\">blog<\/div>\n\t\t\t\t<div class=\"elementor-post__text\">\n\t\t\t\t<h3 class=\"elementor-post__title\">\n\t\t\t<a href=\"https:\/\/daianacaceres.com.ar\/?p=9185\" >\n\t\t\t\tMODA, CLASE Y QUI\u00c9N PUEDE TENER ESTILO\t\t\t<\/a>\n\t\t<\/h3>\n\t\t\t\t<div class=\"elementor-post__excerpt\">\n\t\t\t<p>Porr qu\u00e9 el estilo no es democr\u00e1tico \u2013 y nunca lo fue Daiana C\u00e1ceres Hay una idea muy instalada en redes:la de que \u201ccualquiera puede<\/p>\n\t\t<\/div>\n\t\t\n\t\t<a class=\"elementor-post__read-more\" href=\"https:\/\/daianacaceres.com.ar\/?p=9185\" aria-label=\"Read more about MODA, CLASE Y QUI\u00c9N PUEDE TENER ESTILO\" tabindex=\"-1\" >\n\t\t\tLeer m\u00e1s \u00bb\t\t<\/a>\n\n\t\t\t\t<\/div>\n\t\t\t\t<div class=\"elementor-post__meta-data\">\n\t\t\t\t\t<span class=\"elementor-post-date\">\n\t\t\tdiciembre 1, 2025\t\t<\/span>\n\t\t\t\t<span class=\"elementor-post-avatar\">\n\t\t\tNo hay comentarios\t\t<\/span>\n\t\t\t\t<\/div>\n\t\t\t\t\t<\/div>\n\t\t<\/article>\n\t\t\t\t<\/div>\n\t\t\n\t\t\t\t<div class=\"e-load-more-anchor\" data-page=\"1\" data-max-page=\"3\" data-next-page=\"https:\/\/daianacaceres.com.ar\/index.php?rest_route=%2Fwp%2Fv2%2Fpages%2F7458&#038;paged=2\"><\/div>\n\t\t\t\t<nav class=\"elementor-pagination\" aria-label=\"Pagination\">\n\t\t\t<span class=\"page-numbers prev\">&laquo; Anterior<\/span>\n<a class=\"page-numbers next\" href=\"https:\/\/daianacaceres.com.ar\/index.php?rest_route=%2Fwp%2Fv2%2Fpages%2F7458&#038;paged=2\">Siguiente &raquo;<\/a>\t\t<\/nav>\n\t\t\t\t\t\t<\/div>\n\t\t\t\t<\/div>\n\t\t\t\t\t<\/div>\n\t\t<\/div>\n\t\t\t\t\t<\/div>\n\t\t<\/section>\n\t\t\t\t<\/div>\n\t\t","protected":false},"excerpt":{"rendered":"<p>Blog By Daiana<\/p>\n","protected":false},"author":1,"featured_media":0,"parent":0,"menu_order":0,"comment_status":"closed","ping_status":"closed","template":"elementor_header_footer","meta":{"om_disable_all_campaigns":false,"_monsterinsights_skip_tracking":false,"_monsterinsights_sitenote_active":false,"_monsterinsights_sitenote_note":"","_monsterinsights_sitenote_category":0,"site-sidebar-layout":"default","site-content-layout":"","ast-site-content-layout":"","site-content-style":"default","site-sidebar-style":"default","ast-global-header-display":"","ast-banner-title-visibility":"","ast-main-header-display":"","ast-hfb-above-header-display":"","ast-hfb-below-header-display":"","ast-hfb-mobile-header-display":"","site-post-title":"","ast-breadcrumbs-content":"","ast-featured-img":"","footer-sml-layout":"","theme-transparent-header-meta":"","adv-header-id-meta":"","stick-header-meta":"","header-above-stick-meta":"","header-main-stick-meta":"","header-below-stick-meta":"","astra-migrate-meta-layouts":"","ast-page-background-enabled":"default","ast-page-background-meta":{"desktop":{"background-color":"var(--ast-global-color-4)","background-image":"","background-repeat":"repeat","background-position":"center center","background-size":"auto","background-attachment":"scroll","background-type":"","background-media":"","overlay-type":"","overlay-color":"","overlay-gradient":""},"tablet":{"background-color":"","background-image":"","background-repeat":"repeat","background-position":"center center","background-size":"auto","background-attachment":"scroll","background-type":"","background-media":"","overlay-type":"","overlay-color":"","overlay-gradient":""},"mobile":{"background-color":"","background-image":"","background-repeat":"repeat","background-position":"center center","background-size":"auto","background-attachment":"scroll","background-type":"","background-media":"","overlay-type":"","overlay-color":"","overlay-gradient":""}},"ast-content-background-meta":{"desktop":{"background-color":"var(--ast-global-color-5)","background-image":"","background-repeat":"repeat","background-position":"center center","background-size":"auto","background-attachment":"scroll","background-type":"","background-media":"","overlay-type":"","overlay-color":"","overlay-gradient":""},"tablet":{"background-color":"var(--ast-global-color-5)","background-image":"","background-repeat":"repeat","background-position":"center center","background-size":"auto","background-attachment":"scroll","background-type":"","background-media":"","overlay-type":"","overlay-color":"","overlay-gradient":""},"mobile":{"background-color":"var(--ast-global-color-5)","background-image":"","background-repeat":"repeat","background-position":"center center","background-size":"auto","background-attachment":"scroll","background-type":"","background-media":"","overlay-type":"","overlay-color":"","overlay-gradient":""}},"footnotes":""},"class_list":["post-7458","page","type-page","status-publish","hentry"],"aioseo_notices":[],"_links":{"self":[{"href":"https:\/\/daianacaceres.com.ar\/index.php?rest_route=\/wp\/v2\/pages\/7458","targetHints":{"allow":["GET"]}}],"collection":[{"href":"https:\/\/daianacaceres.com.ar\/index.php?rest_route=\/wp\/v2\/pages"}],"about":[{"href":"https:\/\/daianacaceres.com.ar\/index.php?rest_route=\/wp\/v2\/types\/page"}],"author":[{"embeddable":true,"href":"https:\/\/daianacaceres.com.ar\/index.php?rest_route=\/wp\/v2\/users\/1"}],"replies":[{"embeddable":true,"href":"https:\/\/daianacaceres.com.ar\/index.php?rest_route=%2Fwp%2Fv2%2Fcomments&post=7458"}],"version-history":[{"count":21,"href":"https:\/\/daianacaceres.com.ar\/index.php?rest_route=\/wp\/v2\/pages\/7458\/revisions"}],"predecessor-version":[{"id":9129,"href":"https:\/\/daianacaceres.com.ar\/index.php?rest_route=\/wp\/v2\/pages\/7458\/revisions\/9129"}],"wp:attachment":[{"href":"https:\/\/daianacaceres.com.ar\/index.php?rest_route=%2Fwp%2Fv2%2Fmedia&parent=7458"}],"curies":[{"name":"wp","href":"https:\/\/api.w.org\/{rel}","templated":true}]}}