{"id":42,"date":"2022-10-08T13:48:19","date_gmt":"2022-10-08T13:48:19","guid":{"rendered":"http:\/\/daianacaceres.com.ar\/?page_id=42"},"modified":"2025-08-03T12:43:00","modified_gmt":"2025-08-03T12:43:00","slug":"manifiesto","status":"publish","type":"page","link":"https:\/\/daianacaceres.com.ar\/?page_id=42","title":{"rendered":"Manifiesto"},"content":{"rendered":"\t\t<div data-elementor-type=\"wp-page\" data-elementor-id=\"42\" class=\"elementor elementor-42\" data-elementor-post-type=\"page\">\n\t\t\t\t\t\t<section class=\"elementor-section elementor-top-section elementor-element elementor-element-3dbd929 elementor-section-height-min-height elementor-section-boxed elementor-section-height-default elementor-section-items-middle\" data-id=\"3dbd929\" data-element_type=\"section\" data-e-type=\"section\" data-settings=\"{&quot;background_background&quot;:&quot;classic&quot;}\">\n\t\t\t\t\t\t\t<div class=\"elementor-background-overlay\"><\/div>\n\t\t\t\t\t\t\t<div class=\"elementor-container elementor-column-gap-default\">\n\t\t\t\t\t<div class=\"elementor-column elementor-col-100 elementor-top-column elementor-element elementor-element-9f6fd34\" data-id=\"9f6fd34\" data-element_type=\"column\" data-e-type=\"column\">\n\t\t\t<div class=\"elementor-widget-wrap elementor-element-populated\">\n\t\t\t\t\t\t<div class=\"elementor-element elementor-element-6339627 elementor-widget elementor-widget-heading\" data-id=\"6339627\" data-element_type=\"widget\" data-e-type=\"widget\" data-widget_type=\"heading.default\">\n\t\t\t\t<div class=\"elementor-widget-container\">\n\t\t\t\t\t<h2 class=\"elementor-heading-title elementor-size-default\">Manifiesto <br>By Daiana C\u00e1ceres<\/h2>\t\t\t\t<\/div>\n\t\t\t\t<\/div>\n\t\t\t\t\t<\/div>\n\t\t<\/div>\n\t\t\t\t\t<\/div>\n\t\t<\/section>\n\t\t\t\t<section class=\"elementor-section elementor-top-section elementor-element elementor-element-ab35870 elementor-section-boxed elementor-section-height-default elementor-section-height-default\" data-id=\"ab35870\" data-element_type=\"section\" data-e-type=\"section\">\n\t\t\t\t\t\t<div class=\"elementor-container elementor-column-gap-default\">\n\t\t\t\t\t<div class=\"elementor-column elementor-col-50 elementor-top-column elementor-element elementor-element-89be541\" data-id=\"89be541\" data-element_type=\"column\" data-e-type=\"column\">\n\t\t\t<div class=\"elementor-widget-wrap elementor-element-populated\">\n\t\t\t\t\t\t<div class=\"elementor-element elementor-element-f67aaba elementor-widget elementor-widget-text-editor\" data-id=\"f67aaba\" data-element_type=\"widget\" data-e-type=\"widget\" data-widget_type=\"text-editor.default\">\n\t\t\t\t<div class=\"elementor-widget-container\">\n\t\t\t\t\t\t\t\t\t<p>Soy Daiana, nac\u00ed en un pueblo, me hice en la calle y me form\u00e9 en la pol\u00edtica.<br \/>No me interesa la moda para encajar, me interesa para decir.<br \/>Uso lo que tengo, rescato lo que otros desechan, y combino prendas con memoria.<br \/>Creo en la sostenibilidad como forma de resistencia, no como tendencia.<br \/>No vendo estilo: comparto preguntas.<\/p>\n<p>Me importa el origen de lo que uso, lo que comunico con lo que visto, y el impacto que<br \/>dejo.<br \/>Me inspira la ternura como estrategia pol\u00edtica, la ropa que abriga historias,<br \/>las mujeres que desobedecen con belleza y los cuerpos que ya no piden permiso.<\/p>\n<p>Le hablo a quienes sienten que vestirse tambi\u00e9n puede ser un acto de conciencia.<br \/>A quienes alguna vez se sintieron fuera de lugar.<br \/>A quienes eligen no callarse, aunque eso incomode.<br \/>A quienes entienden que no hay nada m\u00e1s revolucionario que un gesto amoroso en<br \/>medio del ruido.<\/p>\n<p>By Daiana C\u00e1ceres no es una marca, es una conversaci\u00f3n.<br \/>Una forma de habitar el mundo con estilo, con memoria y con intenci\u00f3n<\/p>\n<p><!-- \/wp:paragraph --><\/p>\n<p><!-- wp:paragraph --><\/p>\n<p><!-- \/wp:paragraph --><\/p>\n<p><!-- wp:image --><\/p>\n<figure class=\"wp-block-image\"><\/figure>\n<figure class=\"wp-block-gallery has-nested-images columns-default is-cropped\">\n<p><!-- \/wp:image --><\/p>\n<\/figure>\n<p><!-- \/wp:gallery --><\/p>\n<p><!-- wp:paragraph --><\/p>\n<p><!-- \/wp:paragraph --><\/p>\t\t\t\t\t\t\t\t<\/div>\n\t\t\t\t<\/div>\n\t\t\t\t\t<\/div>\n\t\t<\/div>\n\t\t\t\t<div class=\"elementor-column elementor-col-50 elementor-top-column elementor-element elementor-element-45f3cb9\" data-id=\"45f3cb9\" data-element_type=\"column\" data-e-type=\"column\">\n\t\t\t<div class=\"elementor-widget-wrap elementor-element-populated\">\n\t\t\t\t\t\t<div class=\"elementor-element elementor-element-d0f7777 elementor-widget elementor-widget-image\" data-id=\"d0f7777\" data-element_type=\"widget\" data-e-type=\"widget\" data-widget_type=\"image.default\">\n\t\t\t\t<div class=\"elementor-widget-container\">\n\t\t\t\t\t\t\t\t\t\t\t\t\t\t\t<img fetchpriority=\"high\" decoding=\"async\" width=\"682\" height=\"1024\" src=\"https:\/\/daianacaceres.com.ar\/wp-content\/uploads\/2024\/06\/7fa83352-f01d-4cd9-9593-2035c2354959-2-682x1024.jpg\" class=\"attachment-large size-large wp-image-8884\" alt=\"\" srcset=\"https:\/\/daianacaceres.com.ar\/wp-content\/uploads\/2024\/06\/7fa83352-f01d-4cd9-9593-2035c2354959-2-682x1024.jpg 682w, https:\/\/daianacaceres.com.ar\/wp-content\/uploads\/2024\/06\/7fa83352-f01d-4cd9-9593-2035c2354959-2-200x300.jpg 200w, https:\/\/daianacaceres.com.ar\/wp-content\/uploads\/2024\/06\/7fa83352-f01d-4cd9-9593-2035c2354959-2-768x1152.jpg 768w, https:\/\/daianacaceres.com.ar\/wp-content\/uploads\/2024\/06\/7fa83352-f01d-4cd9-9593-2035c2354959-2.jpg 853w\" sizes=\"(max-width: 682px) 100vw, 682px\" \/>\t\t\t\t\t\t\t\t\t\t\t\t\t\t\t<\/div>\n\t\t\t\t<\/div>\n\t\t\t\t\t<\/div>\n\t\t<\/div>\n\t\t\t\t\t<\/div>\n\t\t<\/section>\n\t\t\t\t<\/div>\n\t\t","protected":false},"excerpt":{"rendered":"<p>Manifiesto By Daiana C\u00e1ceres Soy Daiana, nac\u00ed en un pueblo, me hice en la calle y me form\u00e9 en la pol\u00edtica.No me interesa la moda para encajar, me interesa para decir.Uso lo que tengo, rescato lo que otros desechan, y combino prendas con memoria.Creo en la sostenibilidad como forma de resistencia, no como tendencia.No vendo &hellip;<\/p>\n<p class=\"read-more\"> <a class=\"\" href=\"https:\/\/daianacaceres.com.ar\/?page_id=42\"> <span class=\"screen-reader-text\">Manifiesto<\/span> Leer m\u00e1s &raquo;<\/a><\/p>\n","protected":false},"author":1,"featured_media":0,"parent":0,"menu_order":0,"comment_status":"closed","ping_status":"closed","template":"elementor_header_footer","meta":{"om_disable_all_campaigns":false,"_monsterinsights_skip_tracking":false,"_monsterinsights_sitenote_active":false,"_monsterinsights_sitenote_note":"","_monsterinsights_sitenote_category":0,"site-sidebar-layout":"no-sidebar","site-content-layout":"page-builder","ast-site-content-layout":"","site-content-style":"default","site-sidebar-style":"default","ast-global-header-display":"","ast-banner-title-visibility":"","ast-main-header-display":"","ast-hfb-above-header-display":"","ast-hfb-below-header-display":"","ast-hfb-mobile-header-display":"","site-post-title":"disabled","ast-breadcrumbs-content":"","ast-featured-img":"disabled","footer-sml-layout":"","theme-transparent-header-meta":"","adv-header-id-meta":"","stick-header-meta":"","header-above-stick-meta":"","header-main-stick-meta":"","header-below-stick-meta":"","astra-migrate-meta-layouts":"","ast-page-background-enabled":"default","ast-page-background-meta":{"desktop":{"background-color":"var(--ast-global-color-4)","background-image":"","background-repeat":"repeat","background-position":"center center","background-size":"auto","background-attachment":"scroll","background-type":"","background-media":"","overlay-type":"","overlay-color":"","overlay-gradient":""},"tablet":{"background-color":"","background-image":"","background-repeat":"repeat","background-position":"center center","background-size":"auto","background-attachment":"scroll","background-type":"","background-media":"","overlay-type":"","overlay-color":"","overlay-gradient":""},"mobile":{"background-color":"","background-image":"","background-repeat":"repeat","background-position":"center center","background-size":"auto","background-attachment":"scroll","background-type":"","background-media":"","overlay-type":"","overlay-color":"","overlay-gradient":""}},"ast-content-background-meta":{"desktop":{"background-color":"var(--ast-global-color-5)","background-image":"","background-repeat":"repeat","background-position":"center center","background-size":"auto","background-attachment":"scroll","background-type":"","background-media":"","overlay-type":"","overlay-color":"","overlay-gradient":""},"tablet":{"background-color":"var(--ast-global-color-5)","background-image":"","background-repeat":"repeat","background-position":"center center","background-size":"auto","background-attachment":"scroll","background-type":"","background-media":"","overlay-type":"","overlay-color":"","overlay-gradient":""},"mobile":{"background-color":"var(--ast-global-color-5)","background-image":"","background-repeat":"repeat","background-position":"center center","background-size":"auto","background-attachment":"scroll","background-type":"","background-media":"","overlay-type":"","overlay-color":"","overlay-gradient":""}},"footnotes":""},"class_list":["post-42","page","type-page","status-publish","hentry"],"aioseo_notices":[],"_links":{"self":[{"href":"https:\/\/daianacaceres.com.ar\/index.php?rest_route=\/wp\/v2\/pages\/42","targetHints":{"allow":["GET"]}}],"collection":[{"href":"https:\/\/daianacaceres.com.ar\/index.php?rest_route=\/wp\/v2\/pages"}],"about":[{"href":"https:\/\/daianacaceres.com.ar\/index.php?rest_route=\/wp\/v2\/types\/page"}],"author":[{"embeddable":true,"href":"https:\/\/daianacaceres.com.ar\/index.php?rest_route=\/wp\/v2\/users\/1"}],"replies":[{"embeddable":true,"href":"https:\/\/daianacaceres.com.ar\/index.php?rest_route=%2Fwp%2Fv2%2Fcomments&post=42"}],"version-history":[{"count":22,"href":"https:\/\/daianacaceres.com.ar\/index.php?rest_route=\/wp\/v2\/pages\/42\/revisions"}],"predecessor-version":[{"id":8893,"href":"https:\/\/daianacaceres.com.ar\/index.php?rest_route=\/wp\/v2\/pages\/42\/revisions\/8893"}],"wp:attachment":[{"href":"https:\/\/daianacaceres.com.ar\/index.php?rest_route=%2Fwp%2Fv2%2Fmedia&parent=42"}],"curies":[{"name":"wp","href":"https:\/\/api.w.org\/{rel}","templated":true}]}}